{"id":334,"date":"2021-08-12T21:15:48","date_gmt":"2021-08-12T17:15:48","guid":{"rendered":"https:\/\/farei.mu\/farei2021\/?page_id=334"},"modified":"2025-04-11T19:20:14","modified_gmt":"2025-04-11T15:20:14","slug":"communique","status":"publish","type":"page","link":"https:\/\/farei.mu\/farei2021\/?page_id=334","title":{"rendered":"Communiqu\u00e9"},"content":{"rendered":"\t\t<div data-elementor-type=\"wp-page\" data-elementor-id=\"334\" class=\"elementor elementor-334\" data-elementor-post-type=\"page\">\n\t\t\t\t\t\t<section data-particle_enable=\"false\" data-particle-mobile-disabled=\"false\" class=\"elementor-section elementor-top-section elementor-element elementor-element-9b26819 elementor-section-boxed elementor-section-height-default elementor-section-height-default\" data-id=\"9b26819\" data-element_type=\"section\">\n\t\t\t\t\t\t<div class=\"elementor-container elementor-column-gap-default\">\n\t\t\t\t\t<div class=\"elementor-column elementor-col-100 elementor-top-column elementor-element elementor-element-6d3416b\" data-id=\"6d3416b\" data-element_type=\"column\">\n\t\t\t<div class=\"elementor-widget-wrap elementor-element-populated\">\n\t\t\t\t\t\t<div class=\"elementor-element elementor-element-eae84b9 elementor-widget elementor-widget-theme-post-title elementor-page-title elementor-widget-heading\" data-id=\"eae84b9\" data-element_type=\"widget\" data-settings=\"{&quot;motion_fx_motion_fx_scrolling&quot;:&quot;yes&quot;,&quot;motion_fx_translateX_effect&quot;:&quot;yes&quot;,&quot;motion_fx_translateX_speed&quot;:{&quot;unit&quot;:&quot;px&quot;,&quot;size&quot;:8,&quot;sizes&quot;:[]},&quot;motion_fx_translateX_affectedRange&quot;:{&quot;unit&quot;:&quot;%&quot;,&quot;size&quot;:&quot;&quot;,&quot;sizes&quot;:{&quot;start&quot;:10,&quot;end&quot;:90}},&quot;motion_fx_devices&quot;:[&quot;desktop&quot;,&quot;tablet&quot;,&quot;mobile&quot;]}\" data-widget_type=\"theme-post-title.default\">\n\t\t\t\t<div class=\"elementor-widget-container\">\n\t\t\t<style>\/*! elementor - v3.21.0 - 18-04-2024 *\/\n.elementor-heading-title{padding:0;margin:0;line-height:1}.elementor-widget-heading .elementor-heading-title[class*=elementor-size-]>a{color:inherit;font-size:inherit;line-height:inherit}.elementor-widget-heading .elementor-heading-title.elementor-size-small{font-size:15px}.elementor-widget-heading .elementor-heading-title.elementor-size-medium{font-size:19px}.elementor-widget-heading .elementor-heading-title.elementor-size-large{font-size:29px}.elementor-widget-heading .elementor-heading-title.elementor-size-xl{font-size:39px}.elementor-widget-heading .elementor-heading-title.elementor-size-xxl{font-size:59px}<\/style><h1 class=\"elementor-heading-title elementor-size-default\">Communiqu\u00e9<\/h1>\t\t<\/div>\n\t\t\t\t<\/div>\n\t\t\t\t\t<\/div>\n\t\t<\/div>\n\t\t\t\t\t<\/div>\n\t\t<\/section>\n\t\t\t\t<section data-particle_enable=\"false\" data-particle-mobile-disabled=\"false\" class=\"elementor-section elementor-top-section elementor-element elementor-element-716b5d4 elementor-section-boxed elementor-section-height-default elementor-section-height-default\" data-id=\"716b5d4\" data-element_type=\"section\">\n\t\t\t\t\t\t<div class=\"elementor-container elementor-column-gap-default\">\n\t\t\t\t\t<div class=\"elementor-column elementor-col-100 elementor-top-column elementor-element elementor-element-aab7033\" data-id=\"aab7033\" data-element_type=\"column\">\n\t\t\t<div class=\"elementor-widget-wrap elementor-element-populated\">\n\t\t\t\t\t\t<div class=\"elementor-element elementor-element-0219045 elementor-widget elementor-widget-ucaddon_post_accordion\" data-id=\"0219045\" data-element_type=\"widget\" data-widget_type=\"ucaddon_post_accordion.default\">\n\t\t\t\t<div class=\"elementor-widget-container\">\n\t\t\t<!-- start Post Accordion -->\n\t\t<link id='font-awesome-css' href='https:\/\/farei.mu\/farei2021\/wp-content\/plugins\/unlimited-elements-for-elementor-premium\/assets_libraries\/font-awesome5\/css\/fontawesome-all.min.css' type='text\/css' rel='stylesheet' >\n\t\t<link id='font-awesome-4-shim-css' href='https:\/\/farei.mu\/farei2021\/wp-content\/plugins\/unlimited-elements-for-elementor-premium\/assets_libraries\/font-awesome5\/css\/fontawesome-v4-shims.css' type='text\/css' rel='stylesheet' >\n\n\t\t\t<style type=\"text\/css\">\/* widget: Post Accordion *\/\n\n#uc_post_accordion_elementor12581 *{\n  box-sizing: border-box;\n}\n\n#uc_post_accordion_elementor12581 em\n{\n  font-style: normal;\n}\n\n#uc_post_accordion_elementor12581 .uc_container .uc-heading\n{\n\tdisplay:flex;\n    align-items:center;\n\toverflow:hidden;\n\tcursor:pointer;\n  \n}\n#uc_post_accordion_elementor12581 .uc_container .uc_content\n{\n    display:none;\n    text-align:left;\n}\n\n#uc_post_accordion_elementor12581 .uc_container .uc-heading span.ue_accordion_icon\n{\n\tdisplay:flex;\n    align-items:center;\n   \tjustify-content:center;\n}\n\n#uc_post_accordion_elementor12581 .uc_container .uc-heading span.uc_active\n{\n\tdisplay:none;\n}\n\n#uc_post_accordion_elementor12581 .uc_container .uc-heading span.uc_dactive\n{\n\tdisplay:flex;\n\n}\n#uc_post_accordion_elementor12581 .uc_container .uc-heading.active span.uc_active\n{\n\tdisplay:flex;\n}\n\n#uc_post_accordion_elementor12581 .uc_container .uc-heading.active span.uc_dactive\n{\n\tdisplay:none;\n}\n\n#uc_post_accordion_elementor12581 .uc_container .uc_btn {\n\n    text-align: center;\n    display: inline-block;\n    text-decoration: none;\n    transition: ease-in-out all 0.25s;\n}\n\n#uc_post_accordion_elementor12581 .ue_post_image\n{\n  display:block;\n}\n\n#uc_post_accordion_elementor12581 .ue_post_image img\n{\n  display:block;\n  object-fit: cover;\n  width:100%;\n}\n\n<\/style>\n\n\t\t\t\n<div class=\"uc_material_accordion\" id=\"uc_post_accordion_elementor12581\">\n    \t<div class=\"uc_container\">\n        \t<div class=\"uc_ac_box\">\n  <div class=\"uc-heading uc_trigger-uc_post_accordion_elementor12581\" id=\"uc_post_accordion_elementor12581\">\n          <span class=\"fas fa-plus uc_dactive bbb ue_accordion_icon\"><\/span> \n      <span class=\"fas fa-minus uc_active bbb ue_accordion_icon\"><\/span>\n        <em class=\"ue_heading_title\">Invitation for bids - Accounting Software <\/em>\n  <\/div>\n  <div class=\"uc_content\">\n            <div class=\"uc_date\">22 January 2026<\/div>    <div class=\"ue_post_text\">Invitation for Bids (IFB)(Authorised under Section 16 of the Public Procurement Act 2006)Procurement Ref.\u00a0No:\u00a0FAREI\/IFB\/2026\/6221. The Food and Agricultural Research and Extension Institute (FAREI) is inviting bids from eligible bidders of Mauritian nationals through the Government eProcurement System...<\/div>         <a href=\"https:\/\/farei.mu\/farei2021\/?p=5202\" class=\"uc_btn uc_more_btn\">Read More<\/a>    \n    \n  <\/div> \n<\/div>\n<div class=\"uc_ac_box\">\n  <div class=\"uc-heading uc_trigger-uc_post_accordion_elementor12581\" id=\"uc_post_accordion_elementor12581\">\n          <span class=\"fas fa-plus uc_dactive bbb ue_accordion_icon\"><\/span> \n      <span class=\"fas fa-minus uc_active bbb ue_accordion_icon\"><\/span>\n        <em class=\"ue_heading_title\">Registration Form for Planters - Field Crop Sector <\/em>\n  <\/div>\n  <div class=\"uc_content\">\n            <div class=\"uc_date\">19 January 2026<\/div>    <div class=\"ue_post_text\">\/*! elementor - v3.21.0 - 18-04-2024 *\/\n.elementor-widget-image{text-align:center}.elementor-widget-image a{display:inline-block}.elementor-widget-image a img[src$=&quot;.svg&quot;]{width:48px}.elementor-widget-image img{vertical-align:middle;display:inline-block}\t\t\t\t\t\t\t\t\t\t\t\t\t\t\t\t\t\t\t\t\t\t\t\n\t\t\tLoading\u2026<\/div>         <a href=\"https:\/\/farei.mu\/farei2021\/?p=5183\" class=\"uc_btn uc_more_btn\">Read More<\/a>    \n    \n  <\/div> \n<\/div>\n<div class=\"uc_ac_box\">\n  <div class=\"uc-heading uc_trigger-uc_post_accordion_elementor12581\" id=\"uc_post_accordion_elementor12581\">\n          <span class=\"fas fa-plus uc_dactive bbb ue_accordion_icon\"><\/span> \n      <span class=\"fas fa-minus uc_active bbb ue_accordion_icon\"><\/span>\n        <em class=\"ue_heading_title\">Registration Form for Farmers - Livestock Sector <\/em>\n  <\/div>\n  <div class=\"uc_content\">\n            <div class=\"uc_date\">19 January 2026<\/div>    <div class=\"ue_post_text\">\/*! elementor - v3.21.0 - 18-04-2024 *\/\n.elementor-widget-image{text-align:center}.elementor-widget-image a{display:inline-block}.elementor-widget-image a img[src$=&quot;.svg&quot;]{width:48px}.elementor-widget-image img{vertical-align:middle;display:inline-block}\t\t\t\t\t\t\t\t\t\t\t\t\t\t\t\t\t\t\t\t\t\t\t\n\t\t\tLoading\u2026<\/div>         <a href=\"https:\/\/farei.mu\/farei2021\/?p=5178\" class=\"uc_btn uc_more_btn\">Read More<\/a>    \n    \n  <\/div> \n<\/div>\n<div class=\"uc_ac_box\">\n  <div class=\"uc-heading uc_trigger-uc_post_accordion_elementor12581\" id=\"uc_post_accordion_elementor12581\">\n          <span class=\"fas fa-plus uc_dactive bbb ue_accordion_icon\"><\/span> \n      <span class=\"fas fa-minus uc_active bbb ue_accordion_icon\"><\/span>\n        <em class=\"ue_heading_title\">COMMUNIQU\u00c9 : Expression of Interest \u2013 Seed Production under the Quality Declared Seed Programme 2025\/2026 (Calabash) <\/em>\n  <\/div>\n  <div class=\"uc_content\">\n            <div class=\"uc_date\">04 October 2025<\/div>    <div class=\"ue_post_text\">\/*! elementor - v3.21.0 - 18-04-2024 *\/\n.elementor-heading-title{padding:0;margin:0;line-height:1}.elementor-widget-heading .elementor-heading-title[class*=elementor-size-]&gt;a{color:inherit;font-size:inherit;line-height:inherit}.elementor-widget-heading .elementor-heading-title.elementor-size-small{font-size:15px}.elementor-widget-heading...<\/div>         <a href=\"https:\/\/farei.mu\/farei2021\/?p=4991\" class=\"uc_btn uc_more_btn\">Read More<\/a>    \n    \n  <\/div> \n<\/div>\n<div class=\"uc_ac_box\">\n  <div class=\"uc-heading uc_trigger-uc_post_accordion_elementor12581\" id=\"uc_post_accordion_elementor12581\">\n          <span class=\"fas fa-plus uc_dactive bbb ue_accordion_icon\"><\/span> \n      <span class=\"fas fa-minus uc_active bbb ue_accordion_icon\"><\/span>\n        <em class=\"ue_heading_title\">COMMUNIQU\u00c9 : Notification of Vacancies <\/em>\n  <\/div>\n  <div class=\"uc_content\">\n            <div class=\"uc_date\">27 September 2025<\/div>    <div class=\"ue_post_text\">\/*! elementor - v3.21.0 - 18-04-2024 *\/\n.elementor-heading-title{padding:0;margin:0;line-height:1}.elementor-widget-heading .elementor-heading-title[class*=elementor-size-]&gt;a{color:inherit;font-size:inherit;line-height:inherit}.elementor-widget-heading .elementor-heading-title.elementor-size-small{font-size:15px}.elementor-widget-heading...<\/div>         <a href=\"https:\/\/farei.mu\/farei2021\/?p=4973\" class=\"uc_btn uc_more_btn\">Read More<\/a>    \n    \n  <\/div> \n<\/div>\n<div class=\"uc_ac_box\">\n  <div class=\"uc-heading uc_trigger-uc_post_accordion_elementor12581\" id=\"uc_post_accordion_elementor12581\">\n          <span class=\"fas fa-plus uc_dactive bbb ue_accordion_icon\"><\/span> \n      <span class=\"fas fa-minus uc_active bbb ue_accordion_icon\"><\/span>\n        <em class=\"ue_heading_title\">COMMUNIQU\u00c9 : Protection des fruits - Plan d\u2019assistance financi\u00e8re : Saison 2025-2026 <\/em>\n  <\/div>\n  <div class=\"uc_content\">\n            <div class=\"uc_date\">23 September 2025<\/div>    <div class=\"ue_post_text\">\/*! elementor - v3.21.0 - 18-04-2024 *\/\n.elementor-heading-title{padding:0;margin:0;line-height:1}.elementor-widget-heading .elementor-heading-title[class*=elementor-size-]&gt;a{color:inherit;font-size:inherit;line-height:inherit}.elementor-widget-heading .elementor-heading-title.elementor-size-small{font-size:15px}.elementor-widget-heading...<\/div>         <a href=\"https:\/\/farei.mu\/farei2021\/?p=4912\" class=\"uc_btn uc_more_btn\">Read More<\/a>    \n    \n  <\/div> \n<\/div>\n<div class=\"uc_ac_box\">\n  <div class=\"uc-heading uc_trigger-uc_post_accordion_elementor12581\" id=\"uc_post_accordion_elementor12581\">\n          <span class=\"fas fa-plus uc_dactive bbb ue_accordion_icon\"><\/span> \n      <span class=\"fas fa-minus uc_active bbb ue_accordion_icon\"><\/span>\n        <em class=\"ue_heading_title\">COMMUNIQU\u00c9 : Expression of Interest - Purchase fresh raw cow milk <\/em>\n  <\/div>\n  <div class=\"uc_content\">\n            <div class=\"uc_date\">24 June 2025<\/div>    <div class=\"ue_post_text\">\/*! elementor - v3.21.0 - 18-04-2024 *\/\n.elementor-heading-title{padding:0;margin:0;line-height:1}.elementor-widget-heading .elementor-heading-title[class*=elementor-size-]&gt;a{color:inherit;font-size:inherit;line-height:inherit}.elementor-widget-heading .elementor-heading-title.elementor-size-small{font-size:15px}.elementor-widget-heading...<\/div>         <a href=\"https:\/\/farei.mu\/farei2021\/?p=4594\" class=\"uc_btn uc_more_btn\">Read More<\/a>    \n    \n  <\/div> \n<\/div>\n<div class=\"uc_ac_box\">\n  <div class=\"uc-heading uc_trigger-uc_post_accordion_elementor12581\" id=\"uc_post_accordion_elementor12581\">\n          <span class=\"fas fa-plus uc_dactive bbb ue_accordion_icon\"><\/span> \n      <span class=\"fas fa-minus uc_active bbb ue_accordion_icon\"><\/span>\n        <em class=\"ue_heading_title\">COMMUNIQU\u00c9: Sweet Potato Field Day <\/em>\n  <\/div>\n  <div class=\"uc_content\">\n            <div class=\"uc_date\">23 September 2024<\/div>    <div class=\"ue_post_text\">The FAREI is organising a field day on Sweet potato on the 26 of September 2024 at the Reduit Crop Research Station. The purpose is(i) to show the different sweet potato varieties with different flesh colours available for cultivation,(ii) to exhibit the different ways it can be prepared and included...<\/div>         <a href=\"https:\/\/farei.mu\/farei2021\/?p=4096\" class=\"uc_btn uc_more_btn\">Read More<\/a>    \n    \n  <\/div> \n<\/div>\n<div class=\"uc_ac_box\">\n  <div class=\"uc-heading uc_trigger-uc_post_accordion_elementor12581\" id=\"uc_post_accordion_elementor12581\">\n          <span class=\"fas fa-plus uc_dactive bbb ue_accordion_icon\"><\/span> \n      <span class=\"fas fa-minus uc_active bbb ue_accordion_icon\"><\/span>\n        <em class=\"ue_heading_title\">COMMUNIQU\u00c9 : Protection des fruits - Plan d\u2019assistance financi\u00e8re Saison 2024-2025 <\/em>\n  <\/div>\n  <div class=\"uc_content\">\n            <div class=\"uc_date\">11 September 2024<\/div>    <div class=\"ue_post_text\">Ministry of Agro-Industry and Food SecurityCOMMUNIQU\u00c9Protection des fruitsPlan d\u2019assistance financi\u00e8re: Saison 2024-2025Le Minist\u00e8re de l\u2019Agro-Industrie et de la S\u00e9curit\u00e9 Alimentaire tient \u00e0 informer les propri\u00e9taires de vergers (letchis, mangues, longanes et fraises) et le public en g\u00e9n\u00e9ral que le plan...<\/div>         <a href=\"https:\/\/farei.mu\/farei2021\/?p=4002\" class=\"uc_btn uc_more_btn\">Read More<\/a>    \n    \n  <\/div> \n<\/div>\n<div class=\"uc_ac_box\">\n  <div class=\"uc-heading uc_trigger-uc_post_accordion_elementor12581\" id=\"uc_post_accordion_elementor12581\">\n          <span class=\"fas fa-plus uc_dactive bbb ue_accordion_icon\"><\/span> \n      <span class=\"fas fa-minus uc_active bbb ue_accordion_icon\"><\/span>\n        <em class=\"ue_heading_title\">COMMUNIQU\u00c9 : Livestock Feed Promotion Scheme <\/em>\n  <\/div>\n  <div class=\"uc_content\">\n            <div class=\"uc_date\">10 June 2024<\/div>    <div class=\"ue_post_text\">Ministry of Agro-Industry and Food SecurityCommuniqu\u00e9Livestock Feed Promotion SchemeWith a view to ensuring prompt refund under the Livestock Feed Promotion Scheme, all livestock breeders benefitting from the scheme are hereby requested to submit their receipts for the purchase of feeds on a monthly...<\/div>         <a href=\"https:\/\/farei.mu\/farei2021\/?p=3671\" class=\"uc_btn uc_more_btn\">Read More<\/a>    \n    \n  <\/div> \n<\/div>\n<div class=\"uc_ac_box\">\n  <div class=\"uc-heading uc_trigger-uc_post_accordion_elementor12581\" id=\"uc_post_accordion_elementor12581\">\n          <span class=\"fas fa-plus uc_dactive bbb ue_accordion_icon\"><\/span> \n      <span class=\"fas fa-minus uc_active bbb ue_accordion_icon\"><\/span>\n        <em class=\"ue_heading_title\">COMMUNIQU\u00c9 : Invitation for Bids for the Construction of Concrete Blockwall Fencing. <\/em>\n  <\/div>\n  <div class=\"uc_content\">\n            <div class=\"uc_date\">29 April 2024<\/div>    <div class=\"ue_post_text\">INVITATION FOR BIDS (IFB)(Authorised under Section 16 of the Public Procurement Act 2006)Press Notice \/ Bid NoticeProcurement Ref. No: FAREI\/IFB\/2024\/580.1. The FOOD AND AGRICULTURAL RESEARCH AND EXTENSION INSTITUTE (FAREI) is inviting bids from eligible bidders of Mauritian nationals or entities incorporated...<\/div>         <a href=\"https:\/\/farei.mu\/farei2021\/?p=3351\" class=\"uc_btn uc_more_btn\">Read More<\/a>    \n    \n  <\/div> \n<\/div>\n<div class=\"uc_ac_box\">\n  <div class=\"uc-heading uc_trigger-uc_post_accordion_elementor12581\" id=\"uc_post_accordion_elementor12581\">\n          <span class=\"fas fa-plus uc_dactive bbb ue_accordion_icon\"><\/span> \n      <span class=\"fas fa-minus uc_active bbb ue_accordion_icon\"><\/span>\n        <em class=\"ue_heading_title\">COMMUNIQU\u00c9 : Notification of Vacancies <\/em>\n  <\/div>\n  <div class=\"uc_content\">\n            <div class=\"uc_date\">23 March 2024<\/div>    <div class=\"ue_post_text\">FOOD AND AGRICULTURAL RESEARCH AND EXTENSION INSTITUTE\t\t\n\t\t\tNotification of Vacancies\t\t\n\t\tApplications are invited from qualified candidates who wish to be considered for appointment in the following posts at the Food and Agricultural Research and Extension Institute(i) Post of Assistant Research Scientist(ii)...<\/div>         <a href=\"https:\/\/farei.mu\/farei2021\/?p=3259\" class=\"uc_btn uc_more_btn\">Read More<\/a>    \n    \n  <\/div> \n<\/div>\n<div class=\"uc_ac_box\">\n  <div class=\"uc-heading uc_trigger-uc_post_accordion_elementor12581\" id=\"uc_post_accordion_elementor12581\">\n          <span class=\"fas fa-plus uc_dactive bbb ue_accordion_icon\"><\/span> \n      <span class=\"fas fa-minus uc_active bbb ue_accordion_icon\"><\/span>\n        <em class=\"ue_heading_title\">COMMUNIQU\u00c9 : Household Aquaponic Gardening Scheme <\/em>\n  <\/div>\n  <div class=\"uc_content\">\n            <div class=\"uc_date\">04 March 2024<\/div>    <div class=\"ue_post_text\">\t\t\t\t\t\t\t\t\t\t\t\t\t\t\t\n\t\t\tMinistry of Agro Industry and Food Security\t\t\n\t\t\tCommuniqu\u00e9\t\t\n\t\t\tHousehold Aquaponic Gardening Scheme\t\t\n\t\tThe Ministry of Agro-Industry and Food Security wishes to inform the public that a new Household Gardening Scheme is being implemented in collaboration with the Food and Agricultural...<\/div>         <a href=\"https:\/\/farei.mu\/farei2021\/?p=3190\" class=\"uc_btn uc_more_btn\">Read More<\/a>    \n    \n  <\/div> \n<\/div>\n<div class=\"uc_ac_box\">\n  <div class=\"uc-heading uc_trigger-uc_post_accordion_elementor12581\" id=\"uc_post_accordion_elementor12581\">\n          <span class=\"fas fa-plus uc_dactive bbb ue_accordion_icon\"><\/span> \n      <span class=\"fas fa-minus uc_active bbb ue_accordion_icon\"><\/span>\n        <em class=\"ue_heading_title\">PRESS COMMUNIQU\u00c9 : Assessment of  loss incurred by Farmers following Cyclone BelaI <\/em>\n  <\/div>\n  <div class=\"uc_content\">\n            <div class=\"uc_date\">19 January 2024<\/div>    <div class=\"ue_post_text\">Powered By EmbedPress<\/div>         <a href=\"https:\/\/farei.mu\/farei2021\/?p=3155\" class=\"uc_btn uc_more_btn\">Read More<\/a>    \n    \n  <\/div> \n<\/div>\n<div class=\"uc_ac_box\">\n  <div class=\"uc-heading uc_trigger-uc_post_accordion_elementor12581\" id=\"uc_post_accordion_elementor12581\">\n          <span class=\"fas fa-plus uc_dactive bbb ue_accordion_icon\"><\/span> \n      <span class=\"fas fa-minus uc_active bbb ue_accordion_icon\"><\/span>\n        <em class=\"ue_heading_title\">COMMUNIQU\u00c9 : Expression of Interest - Programme for the Production of Quality Litchi Layers (Tai So and Yook Ho Pow) <\/em>\n  <\/div>\n  <div class=\"uc_content\">\n            <div class=\"uc_date\">18 January 2024<\/div>    <div class=\"ue_post_text\">\t\t\t\t\t\t\t\t\t\t\t\t\t\t\t\n\t\t\tMinistry of Agro Industry and Food Security \t\t\n\t\t\tCOMMUNIQU\u00c9\t\t\n\t\t\tExpression of Interest\nProgramme for the Production of Quality Litchi Layers (Tai So and Yook Ho Pow)\t\t\n\t\tThe Ministry of Agro-Industry and Food Security invites applications from planters and nurseries interested to...<\/div>         <a href=\"https:\/\/farei.mu\/farei2021\/?p=3133\" class=\"uc_btn uc_more_btn\">Read More<\/a>    \n    \n  <\/div> \n<\/div>\n\n        <\/div>\n   \t<\/div>\n\n\n\t\t\t<!-- end Post Accordion --><div class='uc-posts-pagination'><span aria-current=\"page\" class=\"page-numbers current\">1<\/span>\n<a class=\"page-numbers\" href=\"https:\/\/farei.mu\/farei2021\/index.php\/?page=2&#038;rest_route=%2Fwp%2Fv2%2Fpages%2F334\">2<\/a>\n<a class=\"page-numbers\" href=\"https:\/\/farei.mu\/farei2021\/index.php\/?page=3&#038;rest_route=%2Fwp%2Fv2%2Fpages%2F334\">3<\/a><\/div>\t\t<\/div>\n\t\t\t\t<\/div>\n\t\t\t\t\t<\/div>\n\t\t<\/div>\n\t\t\t\t\t<\/div>\n\t\t<\/section>\n\t\t\t\t<\/div>\n\t\t","protected":false},"excerpt":{"rendered":"<p>COMMUNIQU\u00c9: Sweet Potato Field Day 23 September 2024 The FAREI is organising a field day on Sweet potato on the 26 of September 2024 at the Reduit Crop Research Station. The purpose is(i) to show the different sweet potato varieties with different flesh colours available for cultivation,(ii) to exhibit the different ways it can be [&hellip;]<\/p>\n","protected":false},"author":1,"featured_media":0,"parent":0,"menu_order":0,"comment_status":"closed","ping_status":"closed","template":"","meta":{"site-sidebar-layout":"no-sidebar","site-content-layout":"content-boxed-container","ast-site-content-layout":"normal-width-container","site-content-style":"boxed","site-sidebar-style":"unboxed","ast-global-header-display":"","ast-banner-title-visibility":"","ast-main-header-display":"disabled","ast-hfb-above-header-display":"","ast-hfb-below-header-display":"","ast-hfb-mobile-header-display":"","site-post-title":"disabled","ast-breadcrumbs-content":"","ast-featured-img":"disabled","footer-sml-layout":"disabled","theme-transparent-header-meta":"default","adv-header-id-meta":"","stick-header-meta":"","header-above-stick-meta":"","header-main-stick-meta":"","header-below-stick-meta":"","astra-migrate-meta-layouts":"set","ast-page-background-enabled":"default","ast-page-background-meta":{"desktop":{"background-color":"var(--ast-global-color-4)","background-image":"","background-repeat":"repeat","background-position":"center center","background-size":"auto","background-attachment":"scroll","background-type":"","background-media":"","overlay-type":"","overlay-color":"","overlay-gradient":""},"tablet":{"background-color":"","background-image":"","background-repeat":"repeat","background-position":"center center","background-size":"auto","background-attachment":"scroll","background-type":"","background-media":"","overlay-type":"","overlay-color":"","overlay-gradient":""},"mobile":{"background-color":"","background-image":"","background-repeat":"repeat","background-position":"center center","background-size":"auto","background-attachment":"scroll","background-type":"","background-media":"","overlay-type":"","overlay-color":"","overlay-gradient":""}},"ast-content-background-meta":{"desktop":{"background-color":"var(--ast-global-color-5)","background-image":"","background-repeat":"repeat","background-position":"center center","background-size":"auto","background-attachment":"scroll","background-type":"","background-media":"","overlay-type":"","overlay-color":"","overlay-gradient":""},"tablet":{"background-color":"var(--ast-global-color-5)","background-image":"","background-repeat":"repeat","background-position":"center center","background-size":"auto","background-attachment":"scroll","background-type":"","background-media":"","overlay-type":"","overlay-color":"","overlay-gradient":""},"mobile":{"background-color":"var(--ast-global-color-5)","background-image":"","background-repeat":"repeat","background-position":"center center","background-size":"auto","background-attachment":"scroll","background-type":"","background-media":"","overlay-type":"","overlay-color":"","overlay-gradient":""}},"footnotes":""},"class_list":["post-334","page","type-page","status-publish","hentry"],"_links":{"self":[{"href":"https:\/\/farei.mu\/farei2021\/index.php?rest_route=\/wp\/v2\/pages\/334","targetHints":{"allow":["GET"]}}],"collection":[{"href":"https:\/\/farei.mu\/farei2021\/index.php?rest_route=\/wp\/v2\/pages"}],"about":[{"href":"https:\/\/farei.mu\/farei2021\/index.php?rest_route=\/wp\/v2\/types\/page"}],"author":[{"embeddable":true,"href":"https:\/\/farei.mu\/farei2021\/index.php?rest_route=\/wp\/v2\/users\/1"}],"replies":[{"embeddable":true,"href":"https:\/\/farei.mu\/farei2021\/index.php?rest_route=%2Fwp%2Fv2%2Fcomments&post=334"}],"version-history":[{"count":17,"href":"https:\/\/farei.mu\/farei2021\/index.php?rest_route=\/wp\/v2\/pages\/334\/revisions"}],"predecessor-version":[{"id":4401,"href":"https:\/\/farei.mu\/farei2021\/index.php?rest_route=\/wp\/v2\/pages\/334\/revisions\/4401"}],"wp:attachment":[{"href":"https:\/\/farei.mu\/farei2021\/index.php?rest_route=%2Fwp%2Fv2%2Fmedia&parent=334"}],"curies":[{"name":"wp","href":"https:\/\/api.w.org\/{rel}","templated":true}]}}